{"id":2,"date":"2008-09-03T02:38:38","date_gmt":"2008-09-03T06:38:38","guid":{"rendered":"http:\/\/yocreomifuturo.com\/?page_id=2"},"modified":"2009-10-18T02:13:10","modified_gmt":"2009-10-18T08:13:10","slug":"about","status":"publish","type":"page","link":"http:\/\/www.yocreomifuturo.com\/?page_id=2","title":{"rendered":"Acerca"},"content":{"rendered":"<blockquote>\n<p style=\"TEXT-ALIGN: center\"><a href=\"https:\/\/i0.wp.com\/yocreomifuturo.com\/wp-content\/uploads\/2008\/09\/dreamstime_3528375.jpg\"><img loading=\"lazy\" decoding=\"async\" data-attachment-id=\"9\" data-permalink=\"http:\/\/www.yocreomifuturo.com\/?attachment_id=9\" data-orig-file=\"https:\/\/i0.wp.com\/www.yocreomifuturo.com\/wp-content\/uploads\/2008\/09\/dreamstime_3528375.jpg?fit=800%2C210\" data-orig-size=\"800,210\" data-comments-opened=\"1\" data-image-meta=\"{&quot;aperture&quot;:&quot;0&quot;,&quot;credit&quot;:&quot;&quot;,&quot;camera&quot;:&quot;&quot;,&quot;caption&quot;:&quot;&quot;,&quot;created_timestamp&quot;:&quot;0&quot;,&quot;copyright&quot;:&quot;&quot;,&quot;focal_length&quot;:&quot;0&quot;,&quot;iso&quot;:&quot;0&quot;,&quot;shutter_speed&quot;:&quot;0&quot;,&quot;title&quot;:&quot;&quot;}\" data-image-title=\"dreamstime_3528375\" data-image-description=\"\" data-image-caption=\"\" data-medium-file=\"https:\/\/i0.wp.com\/www.yocreomifuturo.com\/wp-content\/uploads\/2008\/09\/dreamstime_3528375.jpg?fit=300%2C78\" data-large-file=\"https:\/\/i0.wp.com\/www.yocreomifuturo.com\/wp-content\/uploads\/2008\/09\/dreamstime_3528375.jpg?fit=800%2C210\" class=\"aligncenter size-full wp-image-9\" title=\"dreamstime_3528375\" src=\"https:\/\/i0.wp.com\/yocreomifuturo.com\/wp-content\/uploads\/2008\/09\/dreamstime_3528375.jpg?resize=500%2C131\" alt=\"\" width=\"500\" height=\"131\" srcset=\"https:\/\/i0.wp.com\/www.yocreomifuturo.com\/wp-content\/uploads\/2008\/09\/dreamstime_3528375.jpg?w=800 800w, https:\/\/i0.wp.com\/www.yocreomifuturo.com\/wp-content\/uploads\/2008\/09\/dreamstime_3528375.jpg?resize=300%2C78 300w\" sizes=\"(max-width: 500px) 100vw, 500px\" data-recalc-dims=\"1\" \/><\/a><\/p>\n<p style=\"TEXT-ALIGN: center\">No puedes ense\u00f1arle nada a un hombre;<br \/>\nsolo puedes ayudarle a descubrirlo dentro de s\u00ed mismo.<br \/>\n&#8211; Galileo Galile\u00ed<\/p><\/blockquote>\n<p style=\"text-align: justify;\">Recientemente he estado viviendo un cambio personal que me ha llevado a ser una persona diferente. He empezado a tener nuevos conocimientos y sobre todo experiencias que quiero compartir para poder ayudar a otros.<\/p>\n<p style=\"text-align: justify;\">Descubr\u00ed que vivimos en la era donde la \u00faltima frontera no es el espacio exterior, sino nuestra propia mente.<\/p>\n<p style=\"text-align: justify;\">Y estoy plenamente convencido que yo puedo crear mi futuro de la manera que lo deseo si logro domesticar mi mente.<\/p>\n<p style=\"text-align: justify;\">Este blog fue creado para que aprendas c\u00f3mo hacerlo.<\/p>\n<p style=\"text-align: justify;\">Estar\u00e9 compartiendo contigo frases motivacionales, an\u00e9cdotas interesantes, mensajes positivos, fragmentos de algunos libros, nuevos conocimientos y ejercicios para desarrollar nuestra mente.<\/p>\n<p style=\"text-align: justify;\">Mi \u00fanica intenci\u00f3n es \u201cdespertarte\u201d a un nuevo nivel de consciencia.<\/p>\n<p class=\"MsoNormal\" style=\"margin: 0cm 0cm 10pt; text-align: left;\"><a href=\"http:\/\/www.yocreomifuturo.com\/wp-content\/uploads\/2009\/01\/foto.jpg\"><\/a><\/p>\n<p><a href=\"http:\/\/www.yocreomifuturo.com\/wp-content\/uploads\/2009\/01\/foto2.jpg\"><\/a><\/p>\n<p class=\"MsoNormal\" style=\"margin: 0cm 0cm 10pt; text-align: left;\"><a href=\"https:\/\/i0.wp.com\/www.yocreomifuturo.com\/wp-content\/uploads\/2009\/01\/foto3.jpg\"><img loading=\"lazy\" decoding=\"async\" data-attachment-id=\"1903\" data-permalink=\"http:\/\/www.yocreomifuturo.com\/?attachment_id=1903\" data-orig-file=\"https:\/\/i0.wp.com\/www.yocreomifuturo.com\/wp-content\/uploads\/2009\/01\/foto3.jpg?fit=108%2C141\" data-orig-size=\"108,141\" data-comments-opened=\"1\" data-image-meta=\"{&quot;aperture&quot;:&quot;0&quot;,&quot;credit&quot;:&quot;&quot;,&quot;camera&quot;:&quot;&quot;,&quot;caption&quot;:&quot;&quot;,&quot;created_timestamp&quot;:&quot;0&quot;,&quot;copyright&quot;:&quot;&quot;,&quot;focal_length&quot;:&quot;0&quot;,&quot;iso&quot;:&quot;0&quot;,&quot;shutter_speed&quot;:&quot;0&quot;,&quot;title&quot;:&quot;&quot;}\" data-image-title=\"foto3\" data-image-description=\"\" data-image-caption=\"\" data-medium-file=\"https:\/\/i0.wp.com\/www.yocreomifuturo.com\/wp-content\/uploads\/2009\/01\/foto3.jpg?fit=108%2C141\" data-large-file=\"https:\/\/i0.wp.com\/www.yocreomifuturo.com\/wp-content\/uploads\/2009\/01\/foto3.jpg?fit=108%2C141\" class=\"alignleft size-full wp-image-1903\" title=\"foto3\" src=\"https:\/\/i0.wp.com\/www.yocreomifuturo.com\/wp-content\/uploads\/2009\/01\/foto3.jpg?resize=108%2C141\" alt=\"\" width=\"108\" height=\"141\" data-recalc-dims=\"1\" \/><\/a><\/p>\n<p>Lic. Herbert Alvarado<br \/>\nGuatemala<\/p>\n","protected":false},"excerpt":{"rendered":"<p>No puedes ense\u00f1arle nada a un hombre; solo puedes ayudarle a descubrirlo dentro de s\u00ed mismo. &#8211; Galileo Galile\u00ed Recientemente he estado viviendo un cambio personal que me ha llevado a ser una persona diferente. He empezado a tener nuevos conocimientos y sobre todo experiencias que quiero compartir para poder ayudar a otros. Descubr\u00ed que [&hellip;]<\/p>\n","protected":false},"author":1,"featured_media":0,"parent":0,"menu_order":0,"comment_status":"open","ping_status":"open","template":"","meta":{"jetpack_post_was_ever_published":false,"footnotes":""},"aioseo_notices":[],"jetpack_shortlink":"https:\/\/wp.me\/PnpSL-2","jetpack_sharing_enabled":true,"jetpack-related-posts":[],"jetpack_likes_enabled":true,"_links":{"self":[{"href":"http:\/\/www.yocreomifuturo.com\/index.php?rest_route=\/wp\/v2\/pages\/2"}],"collection":[{"href":"http:\/\/www.yocreomifuturo.com\/index.php?rest_route=\/wp\/v2\/pages"}],"about":[{"href":"http:\/\/www.yocreomifuturo.com\/index.php?rest_route=\/wp\/v2\/types\/page"}],"author":[{"embeddable":true,"href":"http:\/\/www.yocreomifuturo.com\/index.php?rest_route=\/wp\/v2\/users\/1"}],"replies":[{"embeddable":true,"href":"http:\/\/www.yocreomifuturo.com\/index.php?rest_route=%2Fwp%2Fv2%2Fcomments&post=2"}],"version-history":[{"count":37,"href":"http:\/\/www.yocreomifuturo.com\/index.php?rest_route=\/wp\/v2\/pages\/2\/revisions"}],"predecessor-version":[{"id":5391,"href":"http:\/\/www.yocreomifuturo.com\/index.php?rest_route=\/wp\/v2\/pages\/2\/revisions\/5391"}],"wp:attachment":[{"href":"http:\/\/www.yocreomifuturo.com\/index.php?rest_route=%2Fwp%2Fv2%2Fmedia&parent=2"}],"curies":[{"name":"wp","href":"https:\/\/api.w.org\/{rel}","templated":true}]}}